{"id":10,"date":"2026-03-26T17:31:33","date_gmt":"2026-03-26T17:31:33","guid":{"rendered":"https:\/\/podologojosehueso.rkinformatika.online\/?page_id=10"},"modified":"2026-04-08T15:53:30","modified_gmt":"2026-04-08T15:53:30","slug":"inicio","status":"publish","type":"page","link":"https:\/\/podologojosehueso.com\/en\/","title":{"rendered":"Home"},"content":{"rendered":"<div data-elementor-type=\"wp-page\" data-elementor-id=\"10\" class=\"elementor elementor-10\" data-elementor-post-type=\"page\">\n\t\t\t\t<div class=\"elementor-element elementor-element-a881257 e-flex e-con-boxed e-con e-parent\" data-id=\"a881257\" data-element_type=\"container\" data-e-type=\"container\" data-settings=\"{&quot;background_background&quot;:&quot;classic&quot;}\">\n\t\t\t\t\t<div class=\"e-con-inner\">\n\t\t\t\t<div class=\"elementor-element elementor-element-bc658b7 elementor-invisible elementor-widget elementor-widget-heading\" data-id=\"bc658b7\" data-element_type=\"widget\" data-e-type=\"widget\" data-settings=\"{&quot;_animation&quot;:&quot;fadeIn&quot;}\" data-widget_type=\"heading.default\">\n\t\t\t\t\t<h2 class=\"elementor-heading-title elementor-size-default\">Jose Maria Hueso Barrero<\/h2>\t\t\t\t<\/div>\n\t\t\t\t<div class=\"elementor-element elementor-element-654f1c2 elementor-widget elementor-widget-text-editor\" data-id=\"654f1c2\" data-element_type=\"widget\" data-e-type=\"widget\" data-widget_type=\"text-editor.default\">\n\t\t\t\t\t\t\t\t\t<p>Healthcare professional specializing in foot health<\/p>\t\t\t\t\t\t\t\t<\/div>\n\t\t\t\t\t<\/div>\n\t\t\t\t<\/div>\n\t\t<div class=\"elementor-element elementor-element-975f1a4 e-flex e-con-boxed e-con e-parent\" data-id=\"975f1a4\" data-element_type=\"container\" data-e-type=\"container\">\n\t\t\t\t\t<div class=\"e-con-inner\">\n\t\t<div class=\"elementor-element elementor-element-1f0c995 e-con-full e-flex e-con e-child\" data-id=\"1f0c995\" data-element_type=\"container\" data-e-type=\"container\">\n\t\t\t\t<div class=\"elementor-element elementor-element-ee650f8 elementor-widget elementor-widget-heading\" data-id=\"ee650f8\" data-element_type=\"widget\" data-e-type=\"widget\" data-widget_type=\"heading.default\">\n\t\t\t\t\t<h2 class=\"elementor-heading-title elementor-size-default\">About me<\/h2>\t\t\t\t<\/div>\n\t\t\t\t<div class=\"elementor-element elementor-element-8e3b3ea elementor-widget elementor-widget-text-editor\" data-id=\"8e3b3ea\" data-element_type=\"widget\" data-e-type=\"widget\" data-widget_type=\"text-editor.default\">\n\t\t\t\t\t\t\t\t\t<p>I am Jose Maria Hueso Barrero, a foot health specialist.<br data-start=\"224\" data-end=\"227\" \/>I dedicate myself to caring for and improving the mobility of my patients through personalized treatments, combining MIS surgery, biomechanics, and general podiatry.<br data-start=\"380\" data-end=\"383\" \/>My goal is for each person to regain well-being, confidence, and quality of life with close and professional care.<\/p>\t\t\t\t\t\t\t\t<\/div>\n\t\t\t\t<\/div>\n\t\t<div class=\"elementor-element elementor-element-fb11697 e-con-full e-flex e-con e-child\" data-id=\"fb11697\" data-element_type=\"container\" data-e-type=\"container\">\n\t\t\t\t<div class=\"elementor-element elementor-element-7859796 elementor-widget elementor-widget-image\" data-id=\"7859796\" data-element_type=\"widget\" data-e-type=\"widget\" data-widget_type=\"image.default\">\n\t\t\t\t\t\t\t\t\t\t\t\t\t\t\t<img fetchpriority=\"high\" decoding=\"async\" width=\"300\" height=\"300\" src=\"https:\/\/podologojosehueso.com\/wp-content\/uploads\/2026\/04\/imgi_20_foot-scaning_798657-6715-300x300.jpg\" class=\"attachment-medium size-medium wp-image-84\" alt=\"\" srcset=\"https:\/\/podologojosehueso.com\/wp-content\/uploads\/2026\/04\/imgi_20_foot-scaning_798657-6715-300x300.jpg 300w, https:\/\/podologojosehueso.com\/wp-content\/uploads\/2026\/04\/imgi_20_foot-scaning_798657-6715-150x150.jpg 150w, https:\/\/podologojosehueso.com\/wp-content\/uploads\/2026\/04\/imgi_20_foot-scaning_798657-6715-12x12.jpg 12w, https:\/\/podologojosehueso.com\/wp-content\/uploads\/2026\/04\/elementor\/thumbs\/imgi_20_foot-scaning_798657-6715-150x150.jpg 800w, https:\/\/podologojosehueso.com\/wp-content\/uploads\/2026\/04\/elementor\/thumbs\/imgi_20_foot-scaning_798657-6715-rlpkfog6tcab8jph2sx5nbc1qs2jcqvj0pla9490o0.jpg 400w, https:\/\/podologojosehueso.com\/wp-content\/uploads\/2026\/04\/imgi_20_foot-scaning_798657-6715.jpg 740w\" sizes=\"(max-width: 300px) 100vw, 300px\" \/>\t\t\t\t\t\t\t\t\t\t\t\t\t\t\t<\/div>\n\t\t\t\t<\/div>\n\t\t\t\t\t<\/div>\n\t\t\t\t<\/div>\n\t\t<div class=\"elementor-element elementor-element-496f892 e-flex e-con-boxed e-con e-parent\" data-id=\"496f892\" data-element_type=\"container\" data-e-type=\"container\">\n\t\t\t\t\t<div class=\"e-con-inner\">\n\t\t<div class=\"elementor-element elementor-element-44eb91a e-con-full e-flex e-con e-child\" data-id=\"44eb91a\" data-element_type=\"container\" data-e-type=\"container\">\n\t\t\t\t<div class=\"elementor-element elementor-element-eb6bb15 elementor-widget elementor-widget-heading\" data-id=\"eb6bb15\" data-element_type=\"widget\" data-e-type=\"widget\" data-widget_type=\"heading.default\">\n\t\t\t\t\t<h2 class=\"elementor-heading-title elementor-size-default\">Precise treatments, guaranteed well-being<\/h2>\t\t\t\t<\/div>\n\t\t\t\t<div class=\"elementor-element elementor-element-c329d43 elementor-widget elementor-widget-text-editor\" data-id=\"c329d43\" data-element_type=\"widget\" data-e-type=\"widget\" data-widget_type=\"text-editor.default\">\n\t\t\t\t\t\t\t\t\t<p>My approach combines professionalism and a personal touch. Each patient receives personalized treatment based on their needs and goals, applying advanced techniques such as MIS surgery and foot biomechanics. I believe in the importance of listening, explaining, and supporting patients throughout the entire process, ensuring effective results and lasting well-being.<\/p>\t\t\t\t\t\t\t\t<\/div>\n\t\t\t\t<\/div>\n\t\t<div class=\"elementor-element elementor-element-367da44 e-con-full e-flex e-con e-child\" data-id=\"367da44\" data-element_type=\"container\" data-e-type=\"container\">\n\t\t\t\t<div class=\"elementor-element elementor-element-2ccd86f elementor-widget elementor-widget-image\" data-id=\"2ccd86f\" data-element_type=\"widget\" data-e-type=\"widget\" data-widget_type=\"image.default\">\n\t\t\t\t\t\t\t\t\t\t\t\t\t\t\t<img decoding=\"async\" width=\"300\" height=\"300\" src=\"https:\/\/podologojosehueso.com\/wp-content\/uploads\/2026\/04\/imgi_48_perfect-pedicure-cropped-shot-womans-foot-being-massaged_590464-13562-300x300.jpg\" class=\"attachment-medium size-medium wp-image-157\" alt=\"\" srcset=\"https:\/\/podologojosehueso.com\/wp-content\/uploads\/2026\/04\/imgi_48_perfect-pedicure-cropped-shot-womans-foot-being-massaged_590464-13562-300x300.jpg 300w, https:\/\/podologojosehueso.com\/wp-content\/uploads\/2026\/04\/imgi_48_perfect-pedicure-cropped-shot-womans-foot-being-massaged_590464-13562-150x150.jpg 150w, https:\/\/podologojosehueso.com\/wp-content\/uploads\/2026\/04\/imgi_48_perfect-pedicure-cropped-shot-womans-foot-being-massaged_590464-13562-12x12.jpg 12w, https:\/\/podologojosehueso.com\/wp-content\/uploads\/2026\/04\/imgi_48_perfect-pedicure-cropped-shot-womans-foot-being-massaged_590464-13562.jpg 740w\" sizes=\"(max-width: 300px) 100vw, 300px\" \/>\t\t\t\t\t\t\t\t\t\t\t\t\t\t\t<\/div>\n\t\t\t\t<\/div>\n\t\t\t\t\t<\/div>\n\t\t\t\t<\/div>\n\t\t<div class=\"elementor-element elementor-element-52089c8 e-flex e-con-boxed e-con e-parent\" data-id=\"52089c8\" data-element_type=\"container\" data-e-type=\"container\" data-settings=\"{&quot;background_background&quot;:&quot;classic&quot;}\">\n\t\t\t\t\t<div class=\"e-con-inner\">\n\t\t\t\t<div class=\"elementor-element elementor-element-8392059 elementor-invisible elementor-widget elementor-widget-heading\" data-id=\"8392059\" data-element_type=\"widget\" data-e-type=\"widget\" data-settings=\"{&quot;_animation&quot;:&quot;fadeIn&quot;}\" data-widget_type=\"heading.default\">\n\t\t\t\t\t<h2 class=\"elementor-heading-title elementor-size-default\">Discover how I can help you<\/h2>\t\t\t\t<\/div>\n\t\t\t\t<div class=\"elementor-element elementor-element-8398cf6 elementor-widget elementor-widget-button\" data-id=\"8398cf6\" data-element_type=\"widget\" data-e-type=\"widget\" data-widget_type=\"button.default\">\n\t\t\t\t\t\t\t\t\t\t<a class=\"elementor-button elementor-button-link elementor-size-sm elementor-animation-grow\" href=\"\/en\/servicios\/\">\n\t\t\t\t\t\t<span class=\"elementor-button-content-wrapper\">\n\t\t\t\t\t\t<span class=\"elementor-button-icon\">\n\t\t\t\t<svg aria-hidden=\"true\" class=\"e-font-icon-svg e-fas-hand-point-right\" viewbox=\"0 0 512 512\" xmlns=\"http:\/\/www.w3.org\/2000\/svg\"><path d=\"M512 199.652c0 23.625-20.65 43.826-44.8 43.826h-99.851c16.34 17.048 18.346 49.766-6.299 70.944 14.288 22.829 2.147 53.017-16.45 62.315C353.574 425.878 322.654 448 272 448c-2.746 0-13.276-.203-16-.195-61.971.168-76.894-31.065-123.731-38.315C120.596 407.683 112 397.599 112 385.786V214.261l.002-.001c.011-18.366 10.607-35.889 28.464-43.845 28.886-12.994 95.413-49.038 107.534-77.323 7.797-18.194 21.384-29.084 40-29.092 34.222-.014 57.752 35.098 44.119 66.908-3.583 8.359-8.312 16.67-14.153 24.918H467.2c23.45 0 44.8 20.543 44.8 43.826zM96 200v192c0 13.255-10.745 24-24 24H24c-13.255 0-24-10.745-24-24V200c0-13.255 10.745-24 24-24h48c13.255 0 24 10.745 24 24zM68 368c0-11.046-8.954-20-20-20s-20 8.954-20 20 8.954 20 20 20 20-8.954 20-20z\"><\/path><\/svg>\t\t\t<\/span>\n\t\t\t\t\t\t\t\t\t<span class=\"elementor-button-text\">Services<\/span>\n\t\t\t\t\t<\/span>\n\t\t\t\t\t<\/a>\n\t\t\t\t\t\t\t\t<\/div>\n\t\t\t\t\t<\/div>\n\t\t\t\t<\/div>\n\t\t\t\t<\/div>","protected":false},"excerpt":{"rendered":"<p>Jose Maria Hueso Barrero Profesional sanitario especialista en salud del pie Sobre mi Soy Jose Mar\u00eda Hueso Barrero, especialista en salud del pie.Me dedico a cuidar y mejorar la movilidad de mis pacientes mediante tratamientos personalizados, combinando cirug\u00eda MIS, biomec\u00e1nica y podolog\u00eda general.Mi objetivo es que cada persona recupere bienestar, confianza y calidad de vida [&hellip;]<\/p>\n","protected":false},"author":1,"featured_media":0,"parent":0,"menu_order":0,"comment_status":"closed","ping_status":"closed","template":"elementor_canvas","meta":{"footnotes":""},"class_list":["post-10","page","type-page","status-publish","hentry"],"yoast_head":"<!-- This site is optimized with the Yoast SEO plugin v27.4 - https:\/\/yoast.com\/product\/yoast-seo-wordpress\/ -->\n<title>Inicio - Podologo Jose Hueso<\/title>\n<meta name=\"robots\" content=\"index, follow, max-snippet:-1, max-image-preview:large, max-video-preview:-1\" \/>\n<link rel=\"canonical\" href=\"https:\/\/podologojosehueso.com\/en\/\" \/>\n<meta property=\"og:locale\" content=\"en_GB\" \/>\n<meta property=\"og:type\" content=\"article\" \/>\n<meta property=\"og:title\" content=\"Inicio - Podologo Jose Hueso\" \/>\n<meta property=\"og:description\" content=\"Jose Maria Hueso Barrero Profesional sanitario especialista en salud del pie Sobre mi Soy Jose Mar\u00eda Hueso Barrero, especialista en salud del pie.Me dedico a cuidar y mejorar la movilidad de mis pacientes mediante tratamientos personalizados, combinando cirug\u00eda MIS, biomec\u00e1nica y podolog\u00eda general.Mi objetivo es que cada persona recupere bienestar, confianza y calidad de vida [&hellip;]\" \/>\n<meta property=\"og:url\" content=\"https:\/\/podologojosehueso.com\/en\/\" \/>\n<meta property=\"og:site_name\" content=\"Podologo Jose Hueso\" \/>\n<meta property=\"article:modified_time\" content=\"2026-04-08T15:53:30+00:00\" \/>\n<meta property=\"og:image\" content=\"https:\/\/podologojosehueso.com\/wp-content\/uploads\/2026\/04\/imgi_20_foot-scaning_798657-6715-300x300.jpg\" \/>\n<meta name=\"twitter:card\" content=\"summary_large_image\" \/>\n<meta name=\"twitter:label1\" content=\"Estimated reading time\" \/>\n\t<meta name=\"twitter:data1\" content=\"1 minute\" \/>\n<script type=\"application\/ld+json\" class=\"yoast-schema-graph\">{\"@context\":\"https:\\\/\\\/schema.org\",\"@graph\":[{\"@type\":\"WebPage\",\"@id\":\"https:\\\/\\\/podologojosehueso.com\\\/\",\"url\":\"https:\\\/\\\/podologojosehueso.com\\\/\",\"name\":\"Inicio - Podologo Jose Hueso\",\"isPartOf\":{\"@id\":\"https:\\\/\\\/podologojosehueso.com\\\/#website\"},\"primaryImageOfPage\":{\"@id\":\"https:\\\/\\\/podologojosehueso.com\\\/#primaryimage\"},\"image\":{\"@id\":\"https:\\\/\\\/podologojosehueso.com\\\/#primaryimage\"},\"thumbnailUrl\":\"https:\\\/\\\/podologojosehueso.com\\\/wp-content\\\/uploads\\\/2026\\\/04\\\/imgi_20_foot-scaning_798657-6715-300x300.jpg\",\"datePublished\":\"2026-03-26T17:31:33+00:00\",\"dateModified\":\"2026-04-08T15:53:30+00:00\",\"breadcrumb\":{\"@id\":\"https:\\\/\\\/podologojosehueso.com\\\/#breadcrumb\"},\"inLanguage\":\"en-GB\",\"potentialAction\":[{\"@type\":\"ReadAction\",\"target\":[\"https:\\\/\\\/podologojosehueso.com\\\/\"]}]},{\"@type\":\"ImageObject\",\"inLanguage\":\"en-GB\",\"@id\":\"https:\\\/\\\/podologojosehueso.com\\\/#primaryimage\",\"url\":\"https:\\\/\\\/podologojosehueso.com\\\/wp-content\\\/uploads\\\/2026\\\/04\\\/imgi_20_foot-scaning_798657-6715-300x300.jpg\",\"contentUrl\":\"https:\\\/\\\/podologojosehueso.com\\\/wp-content\\\/uploads\\\/2026\\\/04\\\/imgi_20_foot-scaning_798657-6715-300x300.jpg\"},{\"@type\":\"BreadcrumbList\",\"@id\":\"https:\\\/\\\/podologojosehueso.com\\\/#breadcrumb\",\"itemListElement\":[{\"@type\":\"ListItem\",\"position\":1,\"name\":\"Portada\",\"item\":\"https:\\\/\\\/podologojosehueso.com\\\/\"},{\"@type\":\"ListItem\",\"position\":2,\"name\":\"Inicio\"}]},{\"@type\":\"WebSite\",\"@id\":\"https:\\\/\\\/podologojosehueso.com\\\/#website\",\"url\":\"https:\\\/\\\/podologojosehueso.com\\\/\",\"name\":\"Podologo Jose Hueso\",\"description\":\"Pod\u00f3logo especializado en cirug\u00eda MIS y biomec\u00e1nica del miembro inferior en Tenerife \\\/ +34 680 176 045\",\"publisher\":{\"@id\":\"https:\\\/\\\/podologojosehueso.com\\\/#organization\"},\"potentialAction\":[{\"@type\":\"SearchAction\",\"target\":{\"@type\":\"EntryPoint\",\"urlTemplate\":\"https:\\\/\\\/podologojosehueso.com\\\/?s={search_term_string}\"},\"query-input\":{\"@type\":\"PropertyValueSpecification\",\"valueRequired\":true,\"valueName\":\"search_term_string\"}}],\"inLanguage\":\"en-GB\"},{\"@type\":\"Organization\",\"@id\":\"https:\\\/\\\/podologojosehueso.com\\\/#organization\",\"name\":\"Podologo Jose Hueso\",\"url\":\"https:\\\/\\\/podologojosehueso.com\\\/\",\"logo\":{\"@type\":\"ImageObject\",\"inLanguage\":\"en-GB\",\"@id\":\"https:\\\/\\\/podologojosehueso.com\\\/#\\\/schema\\\/logo\\\/image\\\/\",\"url\":\"https:\\\/\\\/podologojosehueso.com\\\/wp-content\\\/uploads\\\/2026\\\/03\\\/josemariahueso202602_logo_web-scaled.png\",\"contentUrl\":\"https:\\\/\\\/podologojosehueso.com\\\/wp-content\\\/uploads\\\/2026\\\/03\\\/josemariahueso202602_logo_web-scaled.png\",\"width\":2560,\"height\":1018,\"caption\":\"Podologo Jose Hueso\"},\"image\":{\"@id\":\"https:\\\/\\\/podologojosehueso.com\\\/#\\\/schema\\\/logo\\\/image\\\/\"}}]}<\/script>\n<!-- \/ Yoast SEO plugin. -->","yoast_head_json":{"title":"Inicio - Podologo Jose Hueso","robots":{"index":"index","follow":"follow","max-snippet":"max-snippet:-1","max-image-preview":"max-image-preview:large","max-video-preview":"max-video-preview:-1"},"canonical":"https:\/\/podologojosehueso.com\/en\/","og_locale":"en_GB","og_type":"article","og_title":"Inicio - Podologo Jose Hueso","og_description":"Jose Maria Hueso Barrero Profesional sanitario especialista en salud del pie Sobre mi Soy Jose Mar\u00eda Hueso Barrero, especialista en salud del pie.Me dedico a cuidar y mejorar la movilidad de mis pacientes mediante tratamientos personalizados, combinando cirug\u00eda MIS, biomec\u00e1nica y podolog\u00eda general.Mi objetivo es que cada persona recupere bienestar, confianza y calidad de vida [&hellip;]","og_url":"https:\/\/podologojosehueso.com\/en\/","og_site_name":"Podologo Jose Hueso","article_modified_time":"2026-04-08T15:53:30+00:00","og_image":[{"url":"https:\/\/podologojosehueso.com\/wp-content\/uploads\/2026\/04\/imgi_20_foot-scaning_798657-6715-300x300.jpg","type":"","width":"","height":""}],"twitter_card":"summary_large_image","twitter_misc":{"Estimated reading time":"1 minute"},"schema":{"@context":"https:\/\/schema.org","@graph":[{"@type":"WebPage","@id":"https:\/\/podologojosehueso.com\/","url":"https:\/\/podologojosehueso.com\/","name":"Inicio - Podologo Jose Hueso","isPartOf":{"@id":"https:\/\/podologojosehueso.com\/#website"},"primaryImageOfPage":{"@id":"https:\/\/podologojosehueso.com\/#primaryimage"},"image":{"@id":"https:\/\/podologojosehueso.com\/#primaryimage"},"thumbnailUrl":"https:\/\/podologojosehueso.com\/wp-content\/uploads\/2026\/04\/imgi_20_foot-scaning_798657-6715-300x300.jpg","datePublished":"2026-03-26T17:31:33+00:00","dateModified":"2026-04-08T15:53:30+00:00","breadcrumb":{"@id":"https:\/\/podologojosehueso.com\/#breadcrumb"},"inLanguage":"en-GB","potentialAction":[{"@type":"ReadAction","target":["https:\/\/podologojosehueso.com\/"]}]},{"@type":"ImageObject","inLanguage":"en-GB","@id":"https:\/\/podologojosehueso.com\/#primaryimage","url":"https:\/\/podologojosehueso.com\/wp-content\/uploads\/2026\/04\/imgi_20_foot-scaning_798657-6715-300x300.jpg","contentUrl":"https:\/\/podologojosehueso.com\/wp-content\/uploads\/2026\/04\/imgi_20_foot-scaning_798657-6715-300x300.jpg"},{"@type":"BreadcrumbList","@id":"https:\/\/podologojosehueso.com\/#breadcrumb","itemListElement":[{"@type":"ListItem","position":1,"name":"Portada","item":"https:\/\/podologojosehueso.com\/"},{"@type":"ListItem","position":2,"name":"Inicio"}]},{"@type":"WebSite","@id":"https:\/\/podologojosehueso.com\/#website","url":"https:\/\/podologojosehueso.com\/","name":"Podologo Jose Hueso","description":"Pod\u00f3logo especializado en cirug\u00eda MIS y biomec\u00e1nica del miembro inferior en Tenerife \/ +34 680 176 045","publisher":{"@id":"https:\/\/podologojosehueso.com\/#organization"},"potentialAction":[{"@type":"SearchAction","target":{"@type":"EntryPoint","urlTemplate":"https:\/\/podologojosehueso.com\/?s={search_term_string}"},"query-input":{"@type":"PropertyValueSpecification","valueRequired":true,"valueName":"search_term_string"}}],"inLanguage":"en-GB"},{"@type":"Organization","@id":"https:\/\/podologojosehueso.com\/#organization","name":"Podologo Jose Hueso","url":"https:\/\/podologojosehueso.com\/","logo":{"@type":"ImageObject","inLanguage":"en-GB","@id":"https:\/\/podologojosehueso.com\/#\/schema\/logo\/image\/","url":"https:\/\/podologojosehueso.com\/wp-content\/uploads\/2026\/03\/josemariahueso202602_logo_web-scaled.png","contentUrl":"https:\/\/podologojosehueso.com\/wp-content\/uploads\/2026\/03\/josemariahueso202602_logo_web-scaled.png","width":2560,"height":1018,"caption":"Podologo Jose Hueso"},"image":{"@id":"https:\/\/podologojosehueso.com\/#\/schema\/logo\/image\/"}}]}},"_links":{"self":[{"href":"https:\/\/podologojosehueso.com\/en\/wp-json\/wp\/v2\/pages\/10","targetHints":{"allow":["GET"]}}],"collection":[{"href":"https:\/\/podologojosehueso.com\/en\/wp-json\/wp\/v2\/pages"}],"about":[{"href":"https:\/\/podologojosehueso.com\/en\/wp-json\/wp\/v2\/types\/page"}],"author":[{"embeddable":true,"href":"https:\/\/podologojosehueso.com\/en\/wp-json\/wp\/v2\/users\/1"}],"replies":[{"embeddable":true,"href":"https:\/\/podologojosehueso.com\/en\/wp-json\/wp\/v2\/comments?post=10"}],"version-history":[{"count":34,"href":"https:\/\/podologojosehueso.com\/en\/wp-json\/wp\/v2\/pages\/10\/revisions"}],"predecessor-version":[{"id":166,"href":"https:\/\/podologojosehueso.com\/en\/wp-json\/wp\/v2\/pages\/10\/revisions\/166"}],"wp:attachment":[{"href":"https:\/\/podologojosehueso.com\/en\/wp-json\/wp\/v2\/media?parent=10"}],"curies":[{"name":"wp","href":"https:\/\/api.w.org\/{rel}","templated":true}]}}