{"id":14,"date":"2026-03-26T17:33:35","date_gmt":"2026-03-26T17:33:35","guid":{"rendered":"https:\/\/podologojosehueso.rkinformatika.online\/?page_id=14"},"modified":"2026-04-15T16:09:19","modified_gmt":"2026-04-15T16:09:19","slug":"contacto","status":"publish","type":"page","link":"https:\/\/podologojosehueso.com\/en\/contacto\/","title":{"rendered":"Contact"},"content":{"rendered":"\t\t<div data-elementor-type=\"wp-page\" data-elementor-id=\"14\" class=\"elementor elementor-14\" data-elementor-post-type=\"page\">\n\t\t\t\t<div class=\"elementor-element elementor-element-977c7e8 e-flex e-con-boxed e-con e-parent\" data-id=\"977c7e8\" data-element_type=\"container\" data-e-type=\"container\" data-settings=\"{&quot;background_background&quot;:&quot;classic&quot;}\">\n\t\t\t\t\t<div class=\"e-con-inner\">\n\t\t\t\t<div class=\"elementor-element elementor-element-961f4bc elementor-invisible elementor-widget elementor-widget-heading\" data-id=\"961f4bc\" data-element_type=\"widget\" data-e-type=\"widget\" data-settings=\"{&quot;_animation&quot;:&quot;fadeIn&quot;}\" data-widget_type=\"heading.default\">\n\t\t\t\t\t<h2 class=\"elementor-heading-title elementor-size-default\">Jose Maria Hueso Barrero<\/h2>\t\t\t\t<\/div>\n\t\t\t\t<div class=\"elementor-element elementor-element-5fa631e elementor-widget elementor-widget-text-editor\" data-id=\"5fa631e\" data-element_type=\"widget\" data-e-type=\"widget\" data-widget_type=\"text-editor.default\">\n\t\t\t\t\t\t\t\t\t<p>Tu cuidado empieza aqu\u00ed<\/p>\t\t\t\t\t\t\t\t<\/div>\n\t\t\t\t\t<\/div>\n\t\t\t\t<\/div>\n\t\t<div class=\"elementor-element elementor-element-5a9f975 e-flex e-con-boxed e-con e-parent\" data-id=\"5a9f975\" data-element_type=\"container\" data-e-type=\"container\">\n\t\t\t\t\t<div class=\"e-con-inner\">\n\t\t\t\t<div class=\"elementor-element elementor-element-9086aed elementor-widget elementor-widget-text-editor\" data-id=\"9086aed\" data-element_type=\"widget\" data-e-type=\"widget\" data-widget_type=\"text-editor.default\">\n\t\t\t\t\t\t\t\t\t\n<p><\/p>\n\n\n\n<p><\/p>\n\t\t\t\t\t\t\t\t<\/div>\n\t\t\t\t\t<\/div>\n\t\t\t\t<\/div>\n\t\t<div class=\"elementor-element elementor-element-b13d0eb e-flex e-con-boxed e-con e-parent\" data-id=\"b13d0eb\" data-element_type=\"container\" data-e-type=\"container\">\n\t\t\t\t\t<div class=\"e-con-inner\">\n\t\t<div class=\"elementor-element elementor-element-1e41771 e-con-full e-flex e-con e-child\" data-id=\"1e41771\" data-element_type=\"container\" data-e-type=\"container\">\n\t\t\t\t<div class=\"elementor-element elementor-element-8ef1f73 elementor-widget elementor-widget-heading\" data-id=\"8ef1f73\" data-element_type=\"widget\" data-e-type=\"widget\" data-widget_type=\"heading.default\">\n\t\t\t\t\t<h2 class=\"elementor-heading-title elementor-size-default\">\u00bfNecesitas cuidado profesional para tus pies?<\/h2>\t\t\t\t<\/div>\n\t\t\t\t<div class=\"elementor-element elementor-element-9deb615 elementor-widget elementor-widget-text-editor\" data-id=\"9deb615\" data-element_type=\"widget\" data-e-type=\"widget\" data-widget_type=\"text-editor.default\">\n\t\t\t\t\t\t\t\t\t<p>Completa el formulario y te contactaremos muy pronto.<\/p>\t\t\t\t\t\t\t\t<\/div>\n\t\t\t\t<div class=\"elementor-element elementor-element-e42c474 elementor-button-align-start elementor-widget__width-initial elementor-widget elementor-widget-form\" data-id=\"e42c474\" data-element_type=\"widget\" data-e-type=\"widget\" data-settings=\"{&quot;button_width&quot;:&quot;50&quot;,&quot;step_next_label&quot;:&quot;Next&quot;,&quot;step_previous_label&quot;:&quot;Previous&quot;,&quot;step_type&quot;:&quot;number_text&quot;,&quot;step_icon_shape&quot;:&quot;circle&quot;}\" data-widget_type=\"form.default\">\n\t\t\t\t\t\t\t<form class=\"elementor-form\" method=\"post\" name=\"Contacto ContactoPage\" aria-label=\"Contacto ContactoPage\">\n\t\t\t<input type=\"hidden\" name=\"post_id\" value=\"14\"\/>\n\t\t\t<input type=\"hidden\" name=\"form_id\" value=\"e42c474\"\/>\n\t\t\t<input type=\"hidden\" name=\"referer_title\" value=\"Contacto - Podologo Jose Hueso\" \/>\n\n\t\t\t\t\t\t\t<input type=\"hidden\" name=\"queried_id\" value=\"14\"\/>\n\t\t\t\n\t\t\t<div class=\"elementor-form-fields-wrapper elementor-labels-\">\n\t\t\t\t\t\t\t\t<div class=\"elementor-field-type-text elementor-field-group elementor-column elementor-field-group-name elementor-col-100 elementor-field-required\">\n\t\t\t\t\t\t\t\t\t\t\t\t<label for=\"form-field-name\" class=\"elementor-field-label elementor-screen-only\">\n\t\t\t\t\t\t\t\tName\t\t\t\t\t\t\t<\/label>\n\t\t\t\t\t\t\t\t\t\t\t\t\t\t<input size=\"1\" type=\"text\" name=\"form_fields[name]\" id=\"form-field-name\" class=\"elementor-field elementor-size-sm  elementor-field-textual\" placeholder=\"Nombre\" required=\"required\">\n\t\t\t\t\t\t\t\t\t\t\t<\/div>\n\t\t\t\t\t\t\t\t<div class=\"elementor-field-type-email elementor-field-group elementor-column elementor-field-group-email elementor-col-33 elementor-field-required\">\n\t\t\t\t\t\t\t\t\t\t\t\t<label for=\"form-field-email\" class=\"elementor-field-label elementor-screen-only\">\n\t\t\t\t\t\t\t\tEmail\t\t\t\t\t\t\t<\/label>\n\t\t\t\t\t\t\t\t\t\t\t\t\t\t<input size=\"1\" type=\"email\" name=\"form_fields[email]\" id=\"form-field-email\" class=\"elementor-field elementor-size-sm  elementor-field-textual\" placeholder=\"Email\" required=\"required\">\n\t\t\t\t\t\t\t\t\t\t\t<\/div>\n\t\t\t\t\t\t\t\t<div class=\"elementor-field-type-tel elementor-field-group elementor-column elementor-field-group-movil elementor-col-33 elementor-field-required\">\n\t\t\t\t\t\t\t\t\t\t\t\t<label for=\"form-field-movil\" class=\"elementor-field-label elementor-screen-only\">\n\t\t\t\t\t\t\t\tM\u00f3vil\t\t\t\t\t\t\t<\/label>\n\t\t\t\t\t\t\t\t<input size=\"1\" type=\"tel\" name=\"form_fields[movil]\" id=\"form-field-movil\" class=\"elementor-field elementor-size-sm  elementor-field-textual\" placeholder=\"M\u00f3vil\" required=\"required\" pattern=\"[0-9()#&amp;+*-=.]+\" title=\"Only numbers and phone characters (#, -, *, etc) are accepted.\">\n\n\t\t\t\t\t\t<\/div>\n\t\t\t\t\t\t\t\t<div class=\"elementor-field-type-text elementor-field-group elementor-column elementor-field-group-field_176c31e elementor-col-33 elementor-field-required\">\n\t\t\t\t\t\t\t\t\t\t\t\t<label for=\"form-field-field_176c31e\" class=\"elementor-field-label elementor-screen-only\">\n\t\t\t\t\t\t\t\tTema\t\t\t\t\t\t\t<\/label>\n\t\t\t\t\t\t\t\t\t\t\t\t\t\t<input size=\"1\" type=\"text\" name=\"form_fields[field_176c31e]\" id=\"form-field-field_176c31e\" class=\"elementor-field elementor-size-sm  elementor-field-textual\" placeholder=\"Tema\" required=\"required\">\n\t\t\t\t\t\t\t\t\t\t\t<\/div>\n\t\t\t\t\t\t\t\t<div class=\"elementor-field-type-textarea elementor-field-group elementor-column elementor-field-group-field_5d08d9b elementor-col-100 elementor-field-required\">\n\t\t\t\t\t\t\t\t\t\t\t\t<label for=\"form-field-field_5d08d9b\" class=\"elementor-field-label elementor-screen-only\">\n\t\t\t\t\t\t\t\tMensaje\t\t\t\t\t\t\t<\/label>\n\t\t\t\t\t\t<textarea class=\"elementor-field-textual elementor-field  elementor-size-sm\" name=\"form_fields[field_5d08d9b]\" id=\"form-field-field_5d08d9b\" rows=\"4\" placeholder=\"Mensaje\" required=\"required\"><\/textarea>\t\t\t\t<\/div>\n\t\t\t\t\t\t\t\t<div class=\"elementor-field-type-checkbox elementor-field-group elementor-column elementor-field-group-field_5de6374 elementor-col-100\">\n\t\t\t\t\t\t\t\t\t\t\t\t<label for=\"form-field-field_5de6374\" class=\"elementor-field-label elementor-screen-only\">\n\t\t\t\t\t\t\t\tHe Le\u00eddo \t\t\t\t\t\t\t<\/label>\n\t\t\t\t\t\t<div class=\"elementor-field-subgroup  \"><span class=\"elementor-field-option\"><input type=\"checkbox\" value=\"He le\u00eddo y acepto la Politica de Privacidad\" id=\"form-field-field_5de6374-0\" name=\"form_fields[field_5de6374]\"> <label for=\"form-field-field_5de6374-0\">He le\u00eddo y acepto la Politica de Privacidad<\/label><\/span><\/div>\t\t\t\t<\/div>\n\t\t\t\t\t\t\t\t<div class=\"elementor-field-type-html elementor-field-group elementor-column elementor-field-group-field_3c2297f elementor-col-100\">\n\t\t\t\t\t<a href=\"\/politicas-de-cookies\"\n   onclick=\"window.open(this.href,'privacidad','width=800,height=600'); return false;\"\n   style=\"text-decoration: none;\">\nVer Pol\u00edtica de Privacidad\n<\/a>\t\t\t\t<\/div>\n\t\t\t\t\t\t\t\t<div class=\"elementor-field-type-recaptcha_v3 elementor-field-group elementor-column elementor-field-group-field_9e00c78 elementor-col-100 recaptcha_v3-bottomright\">\n\t\t\t\t\t<div class=\"elementor-field\" id=\"form-field-field_9e00c78\"><div class=\"elementor-g-recaptcha\" data-sitekey=\"6LcItbgsAAAAAAOfZSIGCqdANXWslIqbyHI1NOmV\" data-type=\"v3\" data-action=\"Form\" data-badge=\"bottomright\" data-size=\"invisible\"><\/div><\/div>\t\t\t\t<\/div>\n\t\t\t\t\t\t\t\t<div class=\"elementor-field-group elementor-column elementor-field-type-submit elementor-col-50 e-form__buttons\">\n\t\t\t\t\t<button class=\"elementor-button elementor-size-sm\" type=\"submit\">\n\t\t\t\t\t\t<span class=\"elementor-button-content-wrapper\">\n\t\t\t\t\t\t\t\t\t\t\t\t\t\t\t<span class=\"elementor-button-icon\">\n\t\t\t\t\t\t\t\t\t<svg aria-hidden=\"true\" class=\"e-font-icon-svg e-fas-paper-plane\" viewBox=\"0 0 512 512\" xmlns=\"http:\/\/www.w3.org\/2000\/svg\"><path d=\"M476 3.2L12.5 270.6c-18.1 10.4-15.8 35.6 2.2 43.2L121 358.4l287.3-253.2c5.5-4.9 13.3 2.6 8.6 8.3L176 407v80.5c0 23.6 28.5 32.9 42.5 15.8L282 426l124.6 52.2c14.2 6 30.4-2.9 33-18.2l72-432C515 7.8 493.3-6.8 476 3.2z\"><\/path><\/svg>\t\t\t\t\t\t\t\t\t\t\t\t\t\t\t\t\t<\/span>\n\t\t\t\t\t\t\t\t\t\t\t\t\t\t\t\t\t\t\t\t\t\t<span class=\"elementor-button-text\">Enviar<\/span>\n\t\t\t\t\t\t\t\t\t\t\t\t\t<\/span>\n\t\t\t\t\t<\/button>\n\t\t\t\t<\/div>\n\t\t\t<\/div>\n\t\t<\/form>\n\t\t\t\t\t\t<\/div>\n\t\t\t\t<\/div>\n\t\t<div class=\"elementor-element elementor-element-14b2705 e-con-full animated-slow e-flex elementor-invisible e-con e-child\" data-id=\"14b2705\" data-element_type=\"container\" data-e-type=\"container\" data-settings=\"{&quot;background_background&quot;:&quot;classic&quot;,&quot;animation&quot;:&quot;fadeInLeft&quot;}\">\n\t\t\t\t<div class=\"elementor-element elementor-element-eaa5206 elementor-widget__width-inherit elementor-widget elementor-widget-heading\" data-id=\"eaa5206\" data-element_type=\"widget\" data-e-type=\"widget\" data-widget_type=\"heading.default\">\n\t\t\t\t\t<h2 class=\"elementor-heading-title elementor-size-default\">Informaci\u00f3n General<\/h2>\t\t\t\t<\/div>\n\t\t\t\t<div class=\"elementor-element elementor-element-d5d5ce0 elementor-widget__width-inherit elementor-widget elementor-widget-heading\" data-id=\"d5d5ce0\" data-element_type=\"widget\" data-e-type=\"widget\" data-widget_type=\"heading.default\">\n\t\t\t\t\t<h2 class=\"elementor-heading-title elementor-size-default\">Tel\u00e9fono<\/h2>\t\t\t\t<\/div>\n\t\t\t\t<div class=\"elementor-element elementor-element-e08063c elementor-widget elementor-widget-heading\" data-id=\"e08063c\" data-element_type=\"widget\" data-e-type=\"widget\" data-widget_type=\"heading.default\">\n\t\t\t\t\t<h2 class=\"elementor-heading-title elementor-size-default\">+34 680 176 045<\/h2>\t\t\t\t<\/div>\n\t\t\t\t<div class=\"elementor-element elementor-element-76d2d4a elementor-widget-divider--view-line elementor-widget elementor-widget-divider\" data-id=\"76d2d4a\" data-element_type=\"widget\" data-e-type=\"widget\" data-widget_type=\"divider.default\">\n\t\t\t\t\t\t\t<div class=\"elementor-divider\">\n\t\t\t<span class=\"elementor-divider-separator\">\n\t\t\t\t\t\t<\/span>\n\t\t<\/div>\n\t\t\t\t\t\t<\/div>\n\t\t\t\t<div class=\"elementor-element elementor-element-686f7b9 elementor-widget__width-inherit elementor-widget elementor-widget-heading\" data-id=\"686f7b9\" data-element_type=\"widget\" data-e-type=\"widget\" data-widget_type=\"heading.default\">\n\t\t\t\t\t<h2 class=\"elementor-heading-title elementor-size-default\">Email<\/h2>\t\t\t\t<\/div>\n\t\t\t\t<div class=\"elementor-element elementor-element-8b81554 elementor-widget elementor-widget-heading\" data-id=\"8b81554\" data-element_type=\"widget\" data-e-type=\"widget\" data-widget_type=\"heading.default\">\n\t\t\t\t\t<h2 class=\"elementor-heading-title elementor-size-default\"><a href=\"mailto:%20josemhueso@gmail.com\">josemhueso@gmail.com<\/a><\/h2>\t\t\t\t<\/div>\n\t\t\t\t<div class=\"elementor-element elementor-element-ada5cef elementor-widget-divider--view-line elementor-widget elementor-widget-divider\" data-id=\"ada5cef\" data-element_type=\"widget\" data-e-type=\"widget\" data-widget_type=\"divider.default\">\n\t\t\t\t\t\t\t<div class=\"elementor-divider\">\n\t\t\t<span class=\"elementor-divider-separator\">\n\t\t\t\t\t\t<\/span>\n\t\t<\/div>\n\t\t\t\t\t\t<\/div>\n\t\t\t\t<div class=\"elementor-element elementor-element-71c6b01 elementor-widget__width-inherit elementor-widget elementor-widget-heading\" data-id=\"71c6b01\" data-element_type=\"widget\" data-e-type=\"widget\" data-widget_type=\"heading.default\">\n\t\t\t\t\t<h2 class=\"elementor-heading-title elementor-size-default\">Ubicaci\u00f3n<\/h2>\t\t\t\t<\/div>\n\t\t\t\t<div class=\"elementor-element elementor-element-01b96f9 elementor-widget elementor-widget-heading\" data-id=\"01b96f9\" data-element_type=\"widget\" data-e-type=\"widget\" data-widget_type=\"heading.default\">\n\t\t\t\t\t<h2 class=\"elementor-heading-title elementor-size-default\">Santa cruz de Tenerife<\/h2>\t\t\t\t<\/div>\n\t\t\t\t<div class=\"elementor-element elementor-element-e95721d elementor-widget-divider--view-line elementor-widget elementor-widget-divider\" data-id=\"e95721d\" data-element_type=\"widget\" data-e-type=\"widget\" data-widget_type=\"divider.default\">\n\t\t\t\t\t\t\t<div class=\"elementor-divider\">\n\t\t\t<span class=\"elementor-divider-separator\">\n\t\t\t\t\t\t<\/span>\n\t\t<\/div>\n\t\t\t\t\t\t<\/div>\n\t\t\t\t<div class=\"elementor-element elementor-element-c938c1b elementor-widget__width-inherit elementor-widget elementor-widget-heading\" data-id=\"c938c1b\" data-element_type=\"widget\" data-e-type=\"widget\" data-widget_type=\"heading.default\">\n\t\t\t\t\t<h2 class=\"elementor-heading-title elementor-size-default\">Horario<\/h2>\t\t\t\t<\/div>\n\t\t\t\t<div class=\"elementor-element elementor-element-73df28d elementor-widget elementor-widget-heading\" data-id=\"73df28d\" data-element_type=\"widget\" data-e-type=\"widget\" data-widget_type=\"heading.default\">\n\t\t\t\t\t<h2 class=\"elementor-heading-title elementor-size-default\">8:00 a 15:00<\/h2>\t\t\t\t<\/div>\n\t\t\t\t<\/div>\n\t\t\t\t\t<\/div>\n\t\t\t\t<\/div>\n\t\t<div class=\"elementor-element elementor-element-43db510 e-con-full e-flex e-con e-parent\" data-id=\"43db510\" data-element_type=\"container\" data-e-type=\"container\">\n\t\t\t\t<div class=\"elementor-element elementor-element-120f147 elementor-widget elementor-widget-google_maps\" data-id=\"120f147\" data-element_type=\"widget\" data-e-type=\"widget\" data-widget_type=\"google_maps.default\">\n\t\t\t\t\t\t\t<div class=\"elementor-custom-embed\">\n\t\t\t<iframe loading=\"lazy\"\n\t\t\t\t\tsrc=\"https:\/\/maps.google.com\/maps?q=Calle%20Juan%20Ramon%20Jimenez%203%20%20Santa%20cruz%20de%20Tenerife%20&#038;t=m&#038;z=12&#038;output=embed&#038;iwloc=near\"\n\t\t\t\t\ttitle=\"Calle Juan Ramon Jimenez 3  Santa cruz de Tenerife \"\n\t\t\t\t\taria-label=\"Calle Juan Ramon Jimenez 3  Santa cruz de Tenerife \"\n\t\t\t><\/iframe>\n\t\t<\/div>\n\t\t\t\t\t\t<\/div>\n\t\t\t\t<\/div>\n\t\t\t\t<\/div>\n\t\t","protected":false},"excerpt":{"rendered":"<p>Jose Maria Hueso Barrero Tu cuidado empieza aqu\u00ed \u00bfNecesitas cuidado profesional para tus pies? Completa el formulario y te contactaremos muy pronto. Informaci\u00f3n General Tel\u00e9fono +34 680 176 045 Email josemhueso@gmail.com Ubicaci\u00f3n Santa cruz de Tenerife Horario 8:00 a 15:00<\/p>","protected":false},"author":1,"featured_media":0,"parent":0,"menu_order":0,"comment_status":"closed","ping_status":"closed","template":"elementor_canvas","meta":{"footnotes":""},"class_list":["post-14","page","type-page","status-publish","hentry"],"yoast_head":"<!-- This site is optimized with the Yoast SEO plugin v27.4 - https:\/\/yoast.com\/product\/yoast-seo-wordpress\/ -->\n<title>Contacto - Podologo Jose Hueso<\/title>\n<meta name=\"robots\" content=\"index, follow, max-snippet:-1, max-image-preview:large, max-video-preview:-1\" \/>\n<link rel=\"canonical\" href=\"https:\/\/podologojosehueso.com\/en\/contacto\/\" \/>\n<meta property=\"og:locale\" content=\"en_GB\" \/>\n<meta property=\"og:type\" content=\"article\" \/>\n<meta property=\"og:title\" content=\"Contacto - Podologo Jose Hueso\" \/>\n<meta property=\"og:description\" content=\"Jose Maria Hueso Barrero Tu cuidado empieza aqu\u00ed \u00bfNecesitas cuidado profesional para tus pies? Completa el formulario y te contactaremos muy pronto. Informaci\u00f3n General Tel\u00e9fono +34 680 176 045 Email josemhueso@gmail.com Ubicaci\u00f3n Santa cruz de Tenerife Horario 8:00 a 15:00\" \/>\n<meta property=\"og:url\" content=\"https:\/\/podologojosehueso.com\/en\/contacto\/\" \/>\n<meta property=\"og:site_name\" content=\"Podologo Jose Hueso\" \/>\n<meta property=\"article:modified_time\" content=\"2026-04-15T16:09:19+00:00\" \/>\n<meta name=\"twitter:card\" content=\"summary_large_image\" \/>\n<meta name=\"twitter:label1\" content=\"Estimated reading time\" \/>\n\t<meta name=\"twitter:data1\" content=\"1 minute\" \/>\n<script type=\"application\/ld+json\" class=\"yoast-schema-graph\">{\"@context\":\"https:\\\/\\\/schema.org\",\"@graph\":[{\"@type\":\"WebPage\",\"@id\":\"https:\\\/\\\/podologojosehueso.com\\\/contacto\\\/\",\"url\":\"https:\\\/\\\/podologojosehueso.com\\\/contacto\\\/\",\"name\":\"Contacto - Podologo Jose Hueso\",\"isPartOf\":{\"@id\":\"https:\\\/\\\/podologojosehueso.com\\\/#website\"},\"datePublished\":\"2026-03-26T17:33:35+00:00\",\"dateModified\":\"2026-04-15T16:09:19+00:00\",\"breadcrumb\":{\"@id\":\"https:\\\/\\\/podologojosehueso.com\\\/contacto\\\/#breadcrumb\"},\"inLanguage\":\"en-GB\",\"potentialAction\":[{\"@type\":\"ReadAction\",\"target\":[\"https:\\\/\\\/podologojosehueso.com\\\/contacto\\\/\"]}]},{\"@type\":\"BreadcrumbList\",\"@id\":\"https:\\\/\\\/podologojosehueso.com\\\/contacto\\\/#breadcrumb\",\"itemListElement\":[{\"@type\":\"ListItem\",\"position\":1,\"name\":\"Portada\",\"item\":\"https:\\\/\\\/podologojosehueso.com\\\/\"},{\"@type\":\"ListItem\",\"position\":2,\"name\":\"Contacto\"}]},{\"@type\":\"WebSite\",\"@id\":\"https:\\\/\\\/podologojosehueso.com\\\/#website\",\"url\":\"https:\\\/\\\/podologojosehueso.com\\\/\",\"name\":\"Podologo Jose Hueso\",\"description\":\"Pod\u00f3logo especializado en cirug\u00eda MIS y biomec\u00e1nica del miembro inferior en Tenerife \\\/ +34 680 176 045\",\"publisher\":{\"@id\":\"https:\\\/\\\/podologojosehueso.com\\\/#organization\"},\"potentialAction\":[{\"@type\":\"SearchAction\",\"target\":{\"@type\":\"EntryPoint\",\"urlTemplate\":\"https:\\\/\\\/podologojosehueso.com\\\/?s={search_term_string}\"},\"query-input\":{\"@type\":\"PropertyValueSpecification\",\"valueRequired\":true,\"valueName\":\"search_term_string\"}}],\"inLanguage\":\"en-GB\"},{\"@type\":\"Organization\",\"@id\":\"https:\\\/\\\/podologojosehueso.com\\\/#organization\",\"name\":\"Podologo Jose Hueso\",\"url\":\"https:\\\/\\\/podologojosehueso.com\\\/\",\"logo\":{\"@type\":\"ImageObject\",\"inLanguage\":\"en-GB\",\"@id\":\"https:\\\/\\\/podologojosehueso.com\\\/#\\\/schema\\\/logo\\\/image\\\/\",\"url\":\"https:\\\/\\\/podologojosehueso.com\\\/wp-content\\\/uploads\\\/2026\\\/03\\\/josemariahueso202602_logo_web-scaled.png\",\"contentUrl\":\"https:\\\/\\\/podologojosehueso.com\\\/wp-content\\\/uploads\\\/2026\\\/03\\\/josemariahueso202602_logo_web-scaled.png\",\"width\":2560,\"height\":1018,\"caption\":\"Podologo Jose Hueso\"},\"image\":{\"@id\":\"https:\\\/\\\/podologojosehueso.com\\\/#\\\/schema\\\/logo\\\/image\\\/\"}}]}<\/script>\n<!-- \/ Yoast SEO plugin. -->","yoast_head_json":{"title":"Contacto - Podologo Jose Hueso","robots":{"index":"index","follow":"follow","max-snippet":"max-snippet:-1","max-image-preview":"max-image-preview:large","max-video-preview":"max-video-preview:-1"},"canonical":"https:\/\/podologojosehueso.com\/en\/contacto\/","og_locale":"en_GB","og_type":"article","og_title":"Contacto - Podologo Jose Hueso","og_description":"Jose Maria Hueso Barrero Tu cuidado empieza aqu\u00ed \u00bfNecesitas cuidado profesional para tus pies? Completa el formulario y te contactaremos muy pronto. Informaci\u00f3n General Tel\u00e9fono +34 680 176 045 Email josemhueso@gmail.com Ubicaci\u00f3n Santa cruz de Tenerife Horario 8:00 a 15:00","og_url":"https:\/\/podologojosehueso.com\/en\/contacto\/","og_site_name":"Podologo Jose Hueso","article_modified_time":"2026-04-15T16:09:19+00:00","twitter_card":"summary_large_image","twitter_misc":{"Estimated reading time":"1 minute"},"schema":{"@context":"https:\/\/schema.org","@graph":[{"@type":"WebPage","@id":"https:\/\/podologojosehueso.com\/contacto\/","url":"https:\/\/podologojosehueso.com\/contacto\/","name":"Contacto - Podologo Jose Hueso","isPartOf":{"@id":"https:\/\/podologojosehueso.com\/#website"},"datePublished":"2026-03-26T17:33:35+00:00","dateModified":"2026-04-15T16:09:19+00:00","breadcrumb":{"@id":"https:\/\/podologojosehueso.com\/contacto\/#breadcrumb"},"inLanguage":"en-GB","potentialAction":[{"@type":"ReadAction","target":["https:\/\/podologojosehueso.com\/contacto\/"]}]},{"@type":"BreadcrumbList","@id":"https:\/\/podologojosehueso.com\/contacto\/#breadcrumb","itemListElement":[{"@type":"ListItem","position":1,"name":"Portada","item":"https:\/\/podologojosehueso.com\/"},{"@type":"ListItem","position":2,"name":"Contacto"}]},{"@type":"WebSite","@id":"https:\/\/podologojosehueso.com\/#website","url":"https:\/\/podologojosehueso.com\/","name":"Podologo Jose Hueso","description":"Pod\u00f3logo especializado en cirug\u00eda MIS y biomec\u00e1nica del miembro inferior en Tenerife \/ +34 680 176 045","publisher":{"@id":"https:\/\/podologojosehueso.com\/#organization"},"potentialAction":[{"@type":"SearchAction","target":{"@type":"EntryPoint","urlTemplate":"https:\/\/podologojosehueso.com\/?s={search_term_string}"},"query-input":{"@type":"PropertyValueSpecification","valueRequired":true,"valueName":"search_term_string"}}],"inLanguage":"en-GB"},{"@type":"Organization","@id":"https:\/\/podologojosehueso.com\/#organization","name":"Podologo Jose Hueso","url":"https:\/\/podologojosehueso.com\/","logo":{"@type":"ImageObject","inLanguage":"en-GB","@id":"https:\/\/podologojosehueso.com\/#\/schema\/logo\/image\/","url":"https:\/\/podologojosehueso.com\/wp-content\/uploads\/2026\/03\/josemariahueso202602_logo_web-scaled.png","contentUrl":"https:\/\/podologojosehueso.com\/wp-content\/uploads\/2026\/03\/josemariahueso202602_logo_web-scaled.png","width":2560,"height":1018,"caption":"Podologo Jose Hueso"},"image":{"@id":"https:\/\/podologojosehueso.com\/#\/schema\/logo\/image\/"}}]}},"_links":{"self":[{"href":"https:\/\/podologojosehueso.com\/en\/wp-json\/wp\/v2\/pages\/14","targetHints":{"allow":["GET"]}}],"collection":[{"href":"https:\/\/podologojosehueso.com\/en\/wp-json\/wp\/v2\/pages"}],"about":[{"href":"https:\/\/podologojosehueso.com\/en\/wp-json\/wp\/v2\/types\/page"}],"author":[{"embeddable":true,"href":"https:\/\/podologojosehueso.com\/en\/wp-json\/wp\/v2\/users\/1"}],"replies":[{"embeddable":true,"href":"https:\/\/podologojosehueso.com\/en\/wp-json\/wp\/v2\/comments?post=14"}],"version-history":[{"count":16,"href":"https:\/\/podologojosehueso.com\/en\/wp-json\/wp\/v2\/pages\/14\/revisions"}],"predecessor-version":[{"id":209,"href":"https:\/\/podologojosehueso.com\/en\/wp-json\/wp\/v2\/pages\/14\/revisions\/209"}],"wp:attachment":[{"href":"https:\/\/podologojosehueso.com\/en\/wp-json\/wp\/v2\/media?parent=14"}],"curies":[{"name":"wp","href":"https:\/\/api.w.org\/{rel}","templated":true}]}}